{"id":13,"date":"2022-11-29T13:54:05","date_gmt":"2022-11-29T11:54:05","guid":{"rendered":"https:\/\/aronnor.ro\/?page_id=13"},"modified":"2022-12-12T10:56:37","modified_gmt":"2022-12-12T08:56:37","slug":"home","status":"publish","type":"page","link":"https:\/\/aronnor.ro\/en\/","title":{"rendered":"Projects"},"content":{"rendered":"<a href=\"https:\/\/www.justwondering.io\/\" target=\"_self\" itemprop=\"url\" rel=\"noopener\">\n\t\t\t\t<img loading=\"lazy\" decoding=\"async\" src=\"https:\/\/aronnor.ro\/wp-content\/uploads\/2022\/12\/Aron-site-JW-Cover-1.png\" alt=\"Aron-site-JW-Cover\" itemprop=\"image\" height=\"1080\" width=\"1080\" title=\"Aron-site-JW-Cover\" onerror=\"this.style.display='none'\"  \/>\n\t\t\t\t<\/a>\n\t\t<h3><a href=\"https:\/\/www.justwondering.io\/\" target=\"_self\" rel=\"noopener\">Video-essays &amp; hybrid animations<\/a><\/h3>\t\t\n\t\t\t<p><strong>just wondering&#8230;<\/strong> is a collaborative and multimedia project that produces hybrid animated essays on philosophical, sociological and political themes, critical to the status quo. Co-founded by Aron Nor and Mina Mimosa, and developed with Maria Martelli from early on, the audio-visual productions address themes such as anti-speciesism, posthumanism, social and environmental justice while focusing on the Human-Animal relationship and on the exploration of alternative visions to it. As part of the project, Aron Nor is researching, writing and editing texts, engaging in the recording process, making audio-visual edits, creating digital animations, and directing the videos and films produced.<\/p>\n\t\t\t<a href=\"https:\/\/www.justwondering.io\/\" target=\"_self\" role=\"button\" rel=\"noopener\">\n\t\t\t\t\t\tGo to website\n\t\t\t\t\t<\/a>","protected":false},"excerpt":{"rendered":"<p>Video-eseuri \u0219i anima\u021bii hibride just wondering&#8230; este un proiect colaborativ, multimedia, ce realizeaz\u0103 eseuri animate hibride pe teme filosofice, sociologice \u0219i politice, critice asupra statu quo-ului. Co-fondat de Aron Nor \u0219i Mina Mimosa, \u0219i dezvoltat \u00eempreun\u0103 cu Maria Martelli \u00eenc\u0103 de la \u00eenceput, produc\u021biile audio-vizuale abordeaz\u0103 teme precum antispeciismul, postumanismul, justi\u021bia social\u0103 \u0219i de mediu,&hellip;<\/p>","protected":false},"author":1,"featured_media":0,"parent":0,"menu_order":0,"comment_status":"closed","ping_status":"closed","template":"","meta":{"footnotes":""},"class_list":["post-13","page","type-page","status-publish","hentry"],"_links":{"self":[{"href":"https:\/\/aronnor.ro\/en\/wp-json\/wp\/v2\/pages\/13","targetHints":{"allow":["GET"]}}],"collection":[{"href":"https:\/\/aronnor.ro\/en\/wp-json\/wp\/v2\/pages"}],"about":[{"href":"https:\/\/aronnor.ro\/en\/wp-json\/wp\/v2\/types\/page"}],"author":[{"embeddable":true,"href":"https:\/\/aronnor.ro\/en\/wp-json\/wp\/v2\/users\/1"}],"replies":[{"embeddable":true,"href":"https:\/\/aronnor.ro\/en\/wp-json\/wp\/v2\/comments?post=13"}],"version-history":[{"count":137,"href":"https:\/\/aronnor.ro\/en\/wp-json\/wp\/v2\/pages\/13\/revisions"}],"predecessor-version":[{"id":496,"href":"https:\/\/aronnor.ro\/en\/wp-json\/wp\/v2\/pages\/13\/revisions\/496"}],"wp:attachment":[{"href":"https:\/\/aronnor.ro\/en\/wp-json\/wp\/v2\/media?parent=13"}],"curies":[{"name":"wp","href":"https:\/\/api.w.org\/{rel}","templated":true}]}}