{"id":22,"date":"2022-11-29T14:43:23","date_gmt":"2022-11-29T12:43:23","guid":{"rendered":"https:\/\/aronnor.ro\/?page_id=22"},"modified":"2025-09-25T11:44:28","modified_gmt":"2025-09-25T09:44:28","slug":"lucrari-selectate","status":"publish","type":"page","link":"https:\/\/aronnor.ro\/en\/lucrari-selectate\/","title":{"rendered":"Selected works"},"content":{"rendered":"\n<h2>\n\t\tCercetare. Scriere\n\t<\/h2>\n<h3>\n\t\t&#8211; texte, analize \u0219i eseuri &#8211;\n\t<\/h3>\n\t<p><a href=\"https:\/\/www.activedistributionshop.org\/product\/straying-with-the-street-dogs-a6\/\">Straying with Street Dogs. A dialogue on animal tainted politics<\/a> cu Eva Meijer, <em>Active Distribution <\/em>\u0219i<em> C\u0103r\u021bile Pisicii Negre<\/em>, August 2025. [englez\u0103]<\/p>\n<p><a href=\"https:\/\/speculamag.com\/printre-priviri-canine-si-identitati-mai-mult-decat-umane-o-reconstituire-a-dezvoltarii-urbane-de-la-margini\/\">Printre priviri canine \u0219i identit\u0103\u021bi mai-mult-dec\u00e2t-umane, o reconstituire a dezvolt\u0103rii urbane de la margini<\/a>, <em>Specula<\/em>, Noiembrie 2023; ap\u0103rut concomitent \u0219i pe <em>g\u00e2nd vagabond&#8230; <\/em>[rom\u00e2n\u0103]<\/p>\n<p><a href=\"https:\/\/pagini-libere.ro\/zine\/eliberarea-cainelui-coexistenta-si-rezistenta-schimb-de-idei-antispeciiste-intre-ilc-si-aron-nor\/\">Eliberarea c\u00e2inelui, coexisten\u021b\u0103 \u0219i rezisten\u021b\u0103: schimb de idei antispeciiste \u00eentre ILC \u0219i Aron Nor<\/a>, <em>Pagini Libere<\/em>, Iulie 2023; [rom\u00e2n\u0103] <a href=\"https:\/\/www.amazon.it\/liberazione-del-cane-coesistenza-resistenza\/dp\/B0CJRPNTYF\">La liberazione del cane, coesistenza e resistenza<\/a>, Septembrie 2023, tradus\u0103 de Maria Martelli. [italian\u0103]<\/p>\n<p><a href=\"https:\/\/gandvagabond.ro\/de-la-agresivitate-la-comunitate-zece-pasi-inainte\/\">De la agresivitate la comunitate, zece pa\u0219i \u00eenainte<\/a>, <em>g\u00e2nd vagabond&#8230;<\/em>, Februarie 2023. [rom\u00e2n\u0103]<\/p>\n<p><a href=\"http:\/\/gandvagabond.ro\/locul-cainelui-sinantrop-pozitii-confuze-si-politici-comune\/\">Locul c\u00e2inelui sinantrop, pozi\u021bii confuze \u0219i politici comune<\/a>, <em>g\u00e2nd vagabond&#8230;<\/em>, Noiembrie 2022; ap\u0103rut \u0219i \u00een <a href=\"https:\/\/fractalia.ro\/cunoasteri-de-frontiera\/\"><em>Cunoa\u0219teri de frontier\u0103<\/em><\/a>, Fractalia, Noiembrie 2022. [rom\u00e2n\u0103]<\/p>\n<p><a href=\"http:\/\/gandvagabond.ro\/inamicii-economiei-socialiste-intrusii-civilizatiei-occidentale\/\">Inamicii economiei socialiste, intru\u0219ii civiliza\u021biei occidentale<\/a>, <em>g\u00e2nd vagabond&#8230;<\/em>, Iunie 2022; [rom\u00e2n\u0103] Cani di strada &#8211; nemici dell&#8217;economia socialista, intrusi della civilt\u00e0 occidentale, <a href=\"http:\/\/www.liberazioni.eu\/\"><em>Liberazioni. Rivista di critica antispecista<\/em><\/a>, nr. 52, Martie 2023, tradus de Maria Martelli. [italian\u0103]<\/p>\n<p><a href=\"http:\/\/gandvagabond.ro\/aleile-oamenilor-casele-cainilor-o-introducere\/\">Aleile oamenilor, casele c\u00e2inilor &#8211; O introducere<\/a>, <em>g\u00e2nd vagabond&#8230;<\/em>, Februarie 2022. [rom\u00e2n\u0103]<\/p>\n<p><a href=\"https:\/\/posthum.ro\/articole\/aron-nor-o-ontologie-catre-toti-si-toate\/\">O ontologie c\u0103tre to\u021bi \u0219i toate: \u00cempletirea filosofiei orientate pe obiect cu politicile non-antropocentrice<\/a>, <em>Post\/h\/um. Jurnal de studii postumaniste<\/em>, 2020. [rom\u00e2n\u0103]<\/p>\n<h3>\n\t\t&#8211; texte pentru produc\u021bii audio-vizuale &#8211;\n\t<\/h3>\n\t<p>Straying home. A film essay with urban animals,<em> just wondering&#8230;<\/em>, August 2025. [englez\u0103] [subtitr\u0103ri: EN, RO]<\/p>\n<p><a href=\"https:\/\/www.justwondering.io\/ways-of-thinking-about-animal-issues\/\">Ways of thinking about animal issues &#8211; after Matthew Calarco<\/a>, <em>just wondering&#8230;, <\/em>Aprilie 2022. [englez\u0103] [subtitr\u0103ri: EN, RO]<\/p>\n<p><a href=\"https:\/\/www.justwondering.io\/beyond-speciesism-beyond-humanism-beyond\/\">Beyond speciesism, beyond humanism, beyond | Dincolo de speciism, dincolo de umanism<\/a>, <em>just wondering&#8230;, <\/em>Noiembrie 2021. [rom\u00e2n\u0103] [subtitr\u0103ri: EN, RO, IT, EL]<\/p>\n<p><a href=\"https:\/\/www.justwondering.io\/a-political-theory-of-animal-rights\/\">A political theory of animal rights &#8211; after Sue Donaldson &amp; Will Kymlicka<\/a>, <em>just wondering&#8230;, <\/em>Iulie 2021. [englez\u0103] [subtitr\u0103ri: EN, RO]<\/p>\n<p><a href=\"https:\/\/www.justwondering.io\/we-fly-we-crawl-we-swim\/\">we fly, we crawl, we swim: a short film about climate justice<\/a>,<em> just wondering&#8230;<\/em>, Ianuarie 2021. [englez\u0103] [subtitr\u0103ri: EN, RO, ES, IT, DE, PL, PT]<\/p>\n<p><a href=\"https:\/\/youtu.be\/rjlb6J7pBRQ\">&#8222;The human&#8221; is political!<\/a>, <em>just wondering&#8230;, <\/em>Iunie 2020. [englez\u0103] [subtitr\u0103ri: EN, RO]<\/p>\n<p><a href=\"https:\/\/youtu.be\/U-sG4BKFC04\">The end of endings &#8211; with Timothy Morton&#8217;s philosophy<\/a>, <em>just wondering&#8230;, <\/em>Martie 2020. [englez\u0103] [subtitr\u0103ri: EN, RO]<\/p>\n<p><a href=\"https:\/\/youtu.be\/8l1kajxU9ho\">Everything is equally weird &#8211; On Graham Harman&#8217;s philosophy<\/a>, <em>just wondering&#8230;, <\/em>Ianuarie 2020. [englez\u0103] [subtitr\u0103ri: EN]<\/p>\n<h3>\n\t\t&#8211; povestiri &#8211;\n\t<\/h3>\n\t<p>Accidentul care a smuls un ora\u0219 de pe fa\u021ba p\u0103m\u00e2ntului \u0219i l-a pus \u00een c\u0103utarea utopiei. Nu a fost un uragan!, \u00een proiectul Ve\u0219ti &amp; Viziuni, <em>Lumi Posibile<\/em>, Octombrie 2024. [rom\u00e2n\u0103]<\/p>\n<h2>\n\t\tRegie. Editare. Anima\u021bie\n\t<\/h2>\n<h3>\n\t\t&#8211; filme &#8211;\n\t<\/h3>\n\t<p>Straying home. A film essay with urban animals,<em> just wondering&#8230;<\/em>, August 2025. [englez\u0103] [subtitr\u0103ri: EN, RO]<\/p>\n\t<p><a href=\"https:\/\/www.justwondering.io\/we-fly-we-crawl-we-swim\/\">we fly, we crawl, we swim: a short film about climate justice<\/a>,<em> just wondering&#8230;<\/em>, Ianuarie 2021. [englez\u0103] [subtitr\u0103ri: EN, RO, ES, IT, DE, PL, PT]<\/p>\n<h3>\n\t\t&#8211; video-eseuri \u0219i anima\u021bii hibride &#8211;\n\t<\/h3>\n\t<p><a href=\"https:\/\/www.youtube.com\/watch?v=1qK4R6ZAg-M&amp;ab_channel=justwondering...\">Natural Gas, The Bridge To Climate Disaster<\/a>, <em>just wondering&#8230;<\/em>, Noiembrie 2024. [englez\u0103] [subtitr\u0103ri: EN, RO]<\/p>\n<p><a href=\"https:\/\/www.youtube.com\/watch?v=oDD4AZQBgj8&amp;ab_channel=justwondering...\">Escape, Resistance and Solidarity &#8211; Farmed Animal Sanctuaries as the Heart of the Movement<\/a>, <em>just wondering&#8230;<\/em>, Iunie 2024. [englez\u0103] [subtitr\u0103ri: EN, RO, IT, ES, EL]<\/p>\n<p><a href=\"https:\/\/www.justwondering.io\/weirdos-crips-and-broken-things-on-the-neurodiversity-movement-futures-beyond-capitalism\/\">weirdos, crips and broken things: on the neurodiversity movement &amp; futures beyond capitalism<\/a>, <em>just wondering&#8230;<\/em>, Noiembrie 2023. [englez\u0103] [subtitr\u0103ri: EN, RO]<\/p>\n<p><a href=\"https:\/\/youtu.be\/W3FNk6TEgu4\">Animal ontology and philosophical ethology &#8211; after Roberto Marchesini<\/a>, <em>just wondering&#8230;, <\/em>Aprilie 2023. [englez\u0103] [subtitr\u0103ri: EN, RO]<\/p>\n<p><a href=\"https:\/\/www.justwondering.io\/letters-to-our-multispecies-kin\/\">Letters to our multispecies kin &#8211; 12 writings to other animals<\/a>, <em>just wondering&#8230;, <\/em>Noiembrie 2022. [englez\u0103] [subtitr\u0103ri: EN, RO, IT]<\/p>\n<p><a href=\"https:\/\/www.justwondering.io\/care-love-and-grief-in-multispecies-families\/\">Children &amp; Animal Companions: Care, love, and grief in multispecies families<\/a>,\u00a0<em>just wondering&#8230;, <\/em>Septembrie 2022. [englez\u0103] [subtitr\u0103ri: EN, RO, PT]<\/p>\n<p><a href=\"https:\/\/www.justwondering.io\/ways-of-thinking-about-animal-issues\/\">Ways of thinking about animal issues &#8211; after Matthew Calarco<\/a>, <em>just wondering&#8230;, <\/em>Aprilie 2022. [englez\u0103] [subtitr\u0103ri: EN, RO]<\/p>\n<p><a href=\"https:\/\/youtu.be\/Q5L4JPc2fdQ\">Where are the pigs? African Swine Fever in Deadly Assemblages<\/a>, <em>just wondering&#8230;, <\/em>Decembrie 2021. [englez\u0103] [subtitr\u0103ri: EN, RO, UK]<\/p>\n<p><a href=\"https:\/\/www.justwondering.io\/beyond-speciesism-beyond-humanism-beyond\/\">Beyond speciesism, beyond humanism, beyond | Dincolo de speciism, dincolo de umanism<\/a>, <em>just wondering&#8230;, <\/em>Noiembrie 2021. [rom\u00e2n\u0103] [subtitr\u0103ri: EN, RO, IT, EL]<\/p>\n<p><a href=\"https:\/\/www.justwondering.io\/the-roma-woman-at-the-edge-of-the-world\/\">The Roma woman, at the edge of the world<\/a>, <em>just wondering&#8230;, <\/em>Septembrie 2021. [rom\u00e2n\u0103] [subtitr\u0103ri: EN, RO]<\/p>\n<p><a href=\"https:\/\/www.justwondering.io\/a-political-theory-of-animal-rights\/\">A political theory of animal rights &#8211; after Sue Donaldson &amp; Will Kymlicka<\/a>, <em>just wondering&#8230;, <\/em>Iulie 2021. [englez\u0103] [subtitr\u0103ri: EN, RO]<\/p>\n<p><a href=\"https:\/\/www.justwondering.io\/indigenous-knowledges-and-the-teachings-of-plants\/\">Indigenous Knowledges and the Teachings of Plants &#8211; after Robin Wall Kimmerer<\/a>, <em>just wondering&#8230;, <\/em>Mai 2021. [englez\u0103] [subtitr\u0103ri: EN, RO, ES]<\/p>\n<p><a href=\"https:\/\/youtu.be\/3d_kH2hBsOg\">Our streets: queer &amp; Black bodies in movement and protest<\/a>, <em>just wondering&#8230;, <\/em>Aprilie 2021. [englez\u0103] [subtitr\u0103ri: EN, RO]<\/p>\n<p><a href=\"https:\/\/www.justwondering.io\/critical-pedagogy-beyond-humanism\/\">Critical Pedagogy Beyond Humanism &#8211; After Paulo Freire<\/a>, <em>just wondering&#8230;, <\/em>Martie 2021. [englez\u0103] [subtitr\u0103ri: EN, RO, IT]<\/p>\n<p><a href=\"https:\/\/youtu.be\/8etO4lcM0yo\">Care ethics against Neoliberalism<\/a>, <em>just wondering&#8230;, <\/em>Ianuarie 2021. [englez\u0103] [subtitr\u0103ri: EN]<\/p>\n<p><a href=\"https:\/\/youtu.be\/ZhU9p8gWk4A\">Mountains of Harm: Biopolitics and the Re-Claimed Body<\/a>, <em>just wondering&#8230;, <\/em>Septembrie 2020. [englez\u0103] [subtitr\u0103ri: EN, RO]<\/p>\n<p><a href=\"https:\/\/youtu.be\/rjlb6J7pBRQ\">&#8222;The human&#8221; is political!<\/a>, <em>just wondering&#8230;, <\/em>Iunie 2020. [englez\u0103] [subtitr\u0103ri: EN, RO]<\/p>\n<p><a href=\"https:\/\/www.justwondering.io\/animal-disability-liberation-with-sunaura-taylor\/\">Animal &amp; Disability Liberation &#8211; with Sunaura Taylor<\/a>, <em>just wondering&#8230;, <\/em>Iunie 2020. [englez\u0103] [subtitr\u0103ri: EN, RO, TR]<\/p>\n<p><a href=\"https:\/\/youtu.be\/i6quZqXUOLA\">A Litany for Survival in Pandemic Times &#8211; after Audre Lorde<\/a>, <em>just wondering&#8230;, <\/em>Martie 2020. [englez\u0103] [subtitr\u0103ri: EN, RO]<\/p>\n<p><a href=\"https:\/\/youtu.be\/U-sG4BKFC04\">The end of endings &#8211; with Timothy Morton&#8217;s philosophy<\/a>, <em>just wondering&#8230;, <\/em>Martie 2020. [englez\u0103] [subtitr\u0103ri: EN, RO]<\/p>\n<p><a href=\"https:\/\/youtu.be\/8UtrXjE9gPQ\">Making kin beyond babies &#8211; after Donna Haraway<\/a>, <em>just wondering&#8230;, <\/em>Februarie 2020. [englez\u0103] [subtitr\u0103ri: EN]<\/p>\n<p><a href=\"https:\/\/youtu.be\/8l1kajxU9ho\">Everything is equally weird &#8211; On Graham Harman&#8217;s philosophy<\/a>, <em>just wondering&#8230;, <\/em>Ianuarie 2020. [englez\u0103] [subtitr\u0103ri: EN]<\/p>\n<p><a href=\"https:\/\/youtu.be\/IoVIl7461p4\">Climate Crisis &#8211; The final exam!<\/a>, <em>just wondering&#8230;, <\/em>Noiembrie 2019. [englez\u0103] [subtitr\u0103ri: EN, RO]<\/p>\n<p><a href=\"https:\/\/youtu.be\/Mm5fIHwHjlc\">Alienation &#8211; Eat while you work, work while you commute,<\/a> <em>just wondering&#8230;, <\/em>Septembrie 2019. [englez\u0103] [subtitr\u0103ri: EN, RO, IT]<\/p>\n<p><a href=\"https:\/\/youtu.be\/QTxUnyLBXe0\">Voicemail to the hungry epoch<\/a>, <em>just wondering&#8230;, <\/em>Iulie 2019. [englez\u0103] [subtitr\u0103ri: EN, RO]<\/p>\n<p><a href=\"https:\/\/youtu.be\/F1tEzTOHPDY\">Anthropocene &#8211; The Great Party<\/a>, <em>just wondering&#8230;, <\/em>Iunie 2019. [englez\u0103] [subtitr\u0103ri: EN, RO]<\/p>\n<h3>\n\t\t&#8211; interviuri &#8211;\n\t<\/h3>\n<h4>\n\t\tca parte din just wondering&#8230;\n\t<\/h4>\n\t<p>Entrevista, \u00een fanzinele de la Dostristestigres, 2024. [spaniol\u0103]<\/p>\n<p><a href=\"https:\/\/cultureandanimals.org\/just-wondering-animating-ideas\/\">Creating Antispeciesist Video Essays: An Interview with Just Wondering&#8230;<\/a>, <em>Culture &amp; Animals Foundation, <\/em>August 2023. [englez\u0103]<\/p>\n<p><a href=\"https:\/\/podcasts.apple.com\/us\/podcast\/just-wondering\/id1490940164?i=1000536581866\">Beyond Species Podcast &#8211; Just Wondering &#8211; Ep. 35<\/a>, Septembrie 2021. [englez\u0103]<\/p>\n<p><a href=\"https:\/\/posthum.ro\/articole\/interview-just-wondering\/\">There&#8217;s no justice without climate justice, and no climate justice without anti-speciesism. Interviu luat de Zane McNeill<\/a>, <em>Post\/h\/um. Jurnal de studii postumaniste<\/em>, Mai 2021; [englez\u0103] <a href=\"http:\/\/www.liberazioni.eu\/liberazioni-n-46\/\">Non c&#8217;\u00e8 giustizia senza giustizia ambientale, n\u00e9 giustizia ambientale senza antispecismo. Intervista di Zane McNeill<\/a>, <em>Liberazioni. Rivista di critica antispecista<\/em>, tradus de Ilaria Toson, Septembrie 2021. [italian\u0103]<\/p>\n<h3>\n\t\t&#8211; expozi\u021bii de art\u0103 &#8211;\n\t<\/h3>\n<h4>\n\t\tca parte din just wondering&#8230;\n\t<\/h4>\n\t<p>The (Future) Garden, Indecis &#8211; Artist Run Space \u0219i The Secret Garden Bookshop, Timi\u0219oara, Rom\u00e2nia, Iunie-Iulie, 2022.<\/p>\n<p>Teoreticen\u021be, Suprainfinit Gallery, Bucure\u0219ti, Rom\u00e2nia, Octombrie-Noiembrie 2021.<\/p>\n<p>Apocalipsa Elefantului Alb, Baroque Palace, Timi\u0219oara, Rom\u00e2nia, August-Septembrie 2021.<\/p>\n<h3>\n\t\t&#8211; premii &#8211;\n\t<\/h3>\n<h4>\n\t\tStraying home. A film essay with urban animals\n\t<\/h4>\n\t<p>Outstanding Achievement Award, Sundarban International Film Festival, Kolkata, West Bengal, Septembrie 2025.<\/p>\n<h4>\n\t\twe fly, we crawl, we swim: a short film about climate justice\n\t<\/h4>\n\t<p>Best of Fest, Animalis Fabula Film Festival, Austin, Texas, Noiembrie 2021.<\/p>\n<p>Winner, 1st Monthly FIlm Festival, Belgrade, Septembrie 2021.<\/p>\n<p>Best Animation, Krak\u00f3w Vegan Film Festival, Krak\u00f3w, Mai 2021.<\/p>\n<p>Best Climate Action Short, Vegan Film Festival, Australia, Mai 2021.<\/p>\n<p>Best Climate Film, Lule\u00e5 International Film Festival, Norrbotten, Sweden, Martie 2021.<\/p>\n<p>Winner, LIFF Sweden, Februarie 2021.<\/p>\n<h4>\n\t\t&#8222;The human&#8221; is political!\n\t<\/h4>\n<p>Awarded at SIMULTAN Festival, Timisoara, Romania, Septembrie 2022.<\/p>\n\n","protected":false},"excerpt":{"rendered":"<p>Cercetare. Scriere &#8211; texte, analize \u0219i eseuri &#8211; Straying with Street Dogs. A dialogue on animal tainted politics cu Eva Meijer, Active Distribution \u0219i C\u0103r\u021bile Pisicii Negre, August 2025. [englez\u0103] Printre priviri canine \u0219i identit\u0103\u021bi mai-mult-dec\u00e2t-umane, o reconstituire a dezvolt\u0103rii urbane de la margini, Specula, Noiembrie 2023; ap\u0103rut concomitent \u0219i pe g\u00e2nd vagabond&#8230; [rom\u00e2n\u0103] Eliberarea&hellip;<\/p>\n","protected":false},"author":1,"featured_media":0,"parent":0,"menu_order":0,"comment_status":"closed","ping_status":"closed","template":"","meta":{"footnotes":""},"class_list":["post-22","page","type-page","status-publish","hentry"],"_links":{"self":[{"href":"https:\/\/aronnor.ro\/en\/wp-json\/wp\/v2\/pages\/22","targetHints":{"allow":["GET"]}}],"collection":[{"href":"https:\/\/aronnor.ro\/en\/wp-json\/wp\/v2\/pages"}],"about":[{"href":"https:\/\/aronnor.ro\/en\/wp-json\/wp\/v2\/types\/page"}],"author":[{"embeddable":true,"href":"https:\/\/aronnor.ro\/en\/wp-json\/wp\/v2\/users\/1"}],"replies":[{"embeddable":true,"href":"https:\/\/aronnor.ro\/en\/wp-json\/wp\/v2\/comments?post=22"}],"version-history":[{"count":76,"href":"https:\/\/aronnor.ro\/en\/wp-json\/wp\/v2\/pages\/22\/revisions"}],"predecessor-version":[{"id":545,"href":"https:\/\/aronnor.ro\/en\/wp-json\/wp\/v2\/pages\/22\/revisions\/545"}],"wp:attachment":[{"href":"https:\/\/aronnor.ro\/en\/wp-json\/wp\/v2\/media?parent=22"}],"curies":[{"name":"wp","href":"https:\/\/api.w.org\/{rel}","templated":true}]}}