{"id":46,"date":"2022-11-30T12:28:39","date_gmt":"2022-11-30T10:28:39","guid":{"rendered":"https:\/\/aronnor.ro\/?page_id=46"},"modified":"2024-06-28T19:04:43","modified_gmt":"2024-06-28T17:04:43","slug":"contact","status":"publish","type":"page","link":"https:\/\/aronnor.ro\/en\/contact\/","title":{"rendered":"Contact"},"content":{"rendered":"<h2>\n\t\tWrite me anytime\n\t<\/h2>\n\t<p>I love to exchange ideas on common topics!<\/p>\n<p>If you would like to invite me somewhere, though, please consider that I identify as disabled and neurodivergent, and sometimes I need a lot of time, or a particular environment, to focus. As such, I value my routine and privacy very much in order to function. I have also always chosen to maintain a degree of anonymity in what I do, not only for personal reasons but also for ideological reasons, so I prefer to only participate in projects, interviews, and collaborations that are not live, don't require physical presence, and don't have an extremely restrictive deadline. Write me anytime on: <strong>aronnor@protonmail.com<\/strong><\/p>","protected":false},"excerpt":{"rendered":"<p>Scrie-mi oric\u00e2nd Ador s\u0103 schimb idei pe subiecte comune! Dac\u0103 dore\u0219ti s\u0103 m\u0103 invi\u021bi undeva \u00eens\u0103, te rog ia \u00een considerare faptul c\u0103 m\u0103 identific ca fiind disabled \u0219i neurodivergent, iar uneori am nevoie de mult timp, sau de un mediu particular, pentru a m\u0103 putea concentra. Ca atare \u021bin foarte mult la propria mea&hellip;<\/p>","protected":false},"author":1,"featured_media":0,"parent":0,"menu_order":0,"comment_status":"closed","ping_status":"closed","template":"","meta":{"footnotes":""},"class_list":["post-46","page","type-page","status-publish","hentry"],"_links":{"self":[{"href":"https:\/\/aronnor.ro\/en\/wp-json\/wp\/v2\/pages\/46","targetHints":{"allow":["GET"]}}],"collection":[{"href":"https:\/\/aronnor.ro\/en\/wp-json\/wp\/v2\/pages"}],"about":[{"href":"https:\/\/aronnor.ro\/en\/wp-json\/wp\/v2\/types\/page"}],"author":[{"embeddable":true,"href":"https:\/\/aronnor.ro\/en\/wp-json\/wp\/v2\/users\/1"}],"replies":[{"embeddable":true,"href":"https:\/\/aronnor.ro\/en\/wp-json\/wp\/v2\/comments?post=46"}],"version-history":[{"count":29,"href":"https:\/\/aronnor.ro\/en\/wp-json\/wp\/v2\/pages\/46\/revisions"}],"predecessor-version":[{"id":537,"href":"https:\/\/aronnor.ro\/en\/wp-json\/wp\/v2\/pages\/46\/revisions\/537"}],"wp:attachment":[{"href":"https:\/\/aronnor.ro\/en\/wp-json\/wp\/v2\/media?parent=46"}],"curies":[{"name":"wp","href":"https:\/\/api.w.org\/{rel}","templated":true}]}}